{"id":167,"date":"2021-08-20T15:52:20","date_gmt":"2021-08-20T15:52:20","guid":{"rendered":"https:\/\/www.louismarchand.me\/?page_id=167"},"modified":"2023-11-06T20:54:48","modified_gmt":"2023-11-06T20:54:48","slug":"programmation-android","status":"publish","type":"page","link":"https:\/\/www.louismarchand.me\/index.php\/programmation-android\/","title":{"rendered":"Programmation Android"},"content":{"rendered":"<h2>Introduction<\/h2>\n<p>Ce cours sert \u00e0 introduire la programmation sur plateforme native \u00e0 l\u2019aide d\u2019un compilateur crois\u00e9. Une partie du cours permet la programmation d&rsquo;interfaces graphiques.<\/p>\n<h2>Le cours<\/h2>\n<p><a href=\"https:\/\/www.louismarchand.me\/index.php\/les-projets-android\/\">Les projets Android<\/a><br \/>\n<a href=\"https:\/\/www.louismarchand.me\/index.php\/tester-et-executer-le-projet-android\/\">Tester et ex\u00e9cuter les projets Android<\/a><br \/>\n<a href=\"https:\/\/www.louismarchand.me\/index.php\/android-les-layouts\/\">Les \u00ab\u00a0layouts\u00a0\u00bb android<\/a><br \/>\n<a href=\"https:\/\/www.louismarchand.me\/index.php\/android-les-activites\/\">Les activit\u00e9s<\/a><br \/>\n<a href=\"https:\/\/www.louismarchand.me\/index.php\/android-les-fragments\/\">Les fragments<\/a><br \/>\n<a href=\"https:\/\/www.louismarchand.me\/index.php\/android-services-et-environnements\/\">Services et environments<\/a><br \/>\n<a href=\"https:\/\/www.louismarchand.me\/index.php\/les-fichiers-en-java\/\">L&rsquo;utilisation de fichiers en Java<\/a><br \/>\n<a href=\"https:\/\/www.louismarchand.me\/index.php\/android-acceder-aux-ressources-media\/\">Acc\u00e9der aux ressources m\u00e9dia<\/a><br \/>\n<a href=\"https:\/\/www.louismarchand.me\/index.php\/android-lecture-de-fichiers-media\/\">Lecture de fichiers multim\u00e9dia<\/a><\/p>\n<hr \/>\n<p>Auteur: Louis Marchand<br \/>\n<a href=\"https:\/\/creativecommons.org\/licenses\/by\/4.0\/deed.fr\" target=\"_blank\" rel=\"license noopener noreferrer\"><img decoding=\"async\" src=\"https:\/\/i.creativecommons.org\/l\/by\/4.0\/80x15.png\" alt=\"Creative Commons License\" \/><\/a><br \/>\nSauf pour les sections sp\u00e9cifi\u00e9es autrement, ce travail est sous licence <a href=\"https:\/\/creativecommons.org\/licenses\/by\/4.0\/deed.fr\" target=\"_blank\" rel=\"license noopener noreferrer\">Creative Commons Attribution 4.0 International<\/a>.<\/p>\n","protected":false},"excerpt":{"rendered":"<p>Introduction Ce cours sert \u00e0 introduire la programmation sur plateforme native \u00e0 l\u2019aide d\u2019un compilateur crois\u00e9. Une partie du cours permet la programmation d&rsquo;interfaces graphiques. Le cours Les projets Android Tester et ex\u00e9cuter les projets Android Les \u00ab\u00a0layouts\u00a0\u00bb android Les activit\u00e9s Les fragments Services et environments L&rsquo;utilisation de fichiers en Java Acc\u00e9der aux ressources m\u00e9dia&hellip; <a class=\"more-link\" href=\"https:\/\/www.louismarchand.me\/index.php\/programmation-android\/\">Continue reading <span class=\"screen-reader-text\">Programmation Android<\/span><\/a><\/p>\n","protected":false},"author":1,"featured_media":0,"parent":0,"menu_order":0,"comment_status":"closed","ping_status":"closed","template":"","meta":{"footnotes":""},"class_list":["post-167","page","type-page","status-publish","hentry","entry"],"_links":{"self":[{"href":"https:\/\/www.louismarchand.me\/index.php\/wp-json\/wp\/v2\/pages\/167","targetHints":{"allow":["GET"]}}],"collection":[{"href":"https:\/\/www.louismarchand.me\/index.php\/wp-json\/wp\/v2\/pages"}],"about":[{"href":"https:\/\/www.louismarchand.me\/index.php\/wp-json\/wp\/v2\/types\/page"}],"author":[{"embeddable":true,"href":"https:\/\/www.louismarchand.me\/index.php\/wp-json\/wp\/v2\/users\/1"}],"replies":[{"embeddable":true,"href":"https:\/\/www.louismarchand.me\/index.php\/wp-json\/wp\/v2\/comments?post=167"}],"version-history":[{"count":31,"href":"https:\/\/www.louismarchand.me\/index.php\/wp-json\/wp\/v2\/pages\/167\/revisions"}],"predecessor-version":[{"id":831,"href":"https:\/\/www.louismarchand.me\/index.php\/wp-json\/wp\/v2\/pages\/167\/revisions\/831"}],"wp:attachment":[{"href":"https:\/\/www.louismarchand.me\/index.php\/wp-json\/wp\/v2\/media?parent=167"}],"curies":[{"name":"wp","href":"https:\/\/api.w.org\/{rel}","templated":true}]}}