{"id":5,"date":"2021-05-25T20:34:51","date_gmt":"2021-05-25T20:34:51","guid":{"rendered":"https:\/\/www.louismarchand.me\/?page_id=5"},"modified":"2023-11-11T15:40:08","modified_gmt":"2023-11-11T15:40:08","slug":"create-your-website-with-blocks","status":"publish","type":"page","link":"https:\/\/www.louismarchand.me\/","title":{"rendered":"Le site web de Louis Marchand"},"content":{"rendered":"\r\n<h2 class=\"alignwide has-text-align-wide has-gigantic-font-size wp-block-heading\" style=\"line-height:1.1\">Qui suis-je<\/h2>\r\n\r\n\r\n\r\n<p>Mon nom est Louis Marchand et je suis un Enseignant en Informatique.<\/p>\r\n\r\n\r\n\r\n<p>Dans le domaine de l&rsquo;informatique, je suis principalement int\u00e9ress\u00e9 par:<\/p>\r\n\r\n\r\n\r\n<ul class=\"wp-block-list\"><li>La programmation,<\/li><li>Les langages de programmation,<\/li><li>Les syst\u00e8mes d&rsquo;exploitation et les m\u00e9canismes internes des ordinateurs,<\/li><li>La s\u00e9curit\u00e9 informatique,<\/li><li>Les logiciels libres,<\/li><li>L&rsquo;intelligence artificielle,<\/li><li>Les objets connect\u00e9s (particuli\u00e8rement dans un contexte de s\u00e9curit\u00e9 informatique).<\/li><\/ul>\r\n\r\n\r\n\r\n<p>Je m&rsquo;int\u00e9resse \u00e9galement aux sujets:<\/p>\r\n\r\n\r\n\r\n<ul class=\"wp-block-list\"><li>Les sciences (des sciences humaines aux sciences naturelles),<\/li><li>La philosophie,<\/li><li>L&rsquo;\u00e9conomie.<\/li><\/ul>\r\n\r\n\r\n\r\n<p>Sur ce site, vous y trouverez mes projets, mes cours ainsi que mon blogue personnel.<\/p>\r\n\r\n\r\n\r\n<p>Il est important de noter que ce site est un site personnel et que les informations et opinions y \u00e9tant pr\u00e9sent\u00e9es n&rsquo;engagent en rien mes collaborateurs.es, coll\u00e8gues ou employeurs.es.<\/p>\r\n","protected":false},"excerpt":{"rendered":"<p>Qui suis-je Mon nom est Louis Marchand et je suis un Enseignant en Informatique. Dans le domaine de l&rsquo;informatique, je suis principalement int\u00e9ress\u00e9 par: La programmation, Les langages de programmation, Les syst\u00e8mes d&rsquo;exploitation et les m\u00e9canismes internes des ordinateurs, La s\u00e9curit\u00e9 informatique, Les logiciels libres, L&rsquo;intelligence artificielle, Les objets connect\u00e9s (particuli\u00e8rement dans un contexte de&hellip; <a class=\"more-link\" href=\"https:\/\/www.louismarchand.me\/\">Continue reading <span class=\"screen-reader-text\">Le site web de Louis Marchand<\/span><\/a><\/p>\n","protected":false},"author":1,"featured_media":0,"parent":0,"menu_order":0,"comment_status":"closed","ping_status":"closed","template":"","meta":{"footnotes":""},"class_list":["post-5","page","type-page","status-publish","hentry","entry"],"_links":{"self":[{"href":"https:\/\/www.louismarchand.me\/index.php\/wp-json\/wp\/v2\/pages\/5","targetHints":{"allow":["GET"]}}],"collection":[{"href":"https:\/\/www.louismarchand.me\/index.php\/wp-json\/wp\/v2\/pages"}],"about":[{"href":"https:\/\/www.louismarchand.me\/index.php\/wp-json\/wp\/v2\/types\/page"}],"author":[{"embeddable":true,"href":"https:\/\/www.louismarchand.me\/index.php\/wp-json\/wp\/v2\/users\/1"}],"replies":[{"embeddable":true,"href":"https:\/\/www.louismarchand.me\/index.php\/wp-json\/wp\/v2\/comments?post=5"}],"version-history":[{"count":3,"href":"https:\/\/www.louismarchand.me\/index.php\/wp-json\/wp\/v2\/pages\/5\/revisions"}],"predecessor-version":[{"id":832,"href":"https:\/\/www.louismarchand.me\/index.php\/wp-json\/wp\/v2\/pages\/5\/revisions\/832"}],"wp:attachment":[{"href":"https:\/\/www.louismarchand.me\/index.php\/wp-json\/wp\/v2\/media?parent=5"}],"curies":[{"name":"wp","href":"https:\/\/api.w.org\/{rel}","templated":true}]}}