{"id":520,"date":"2022-01-19T21:16:27","date_gmt":"2022-01-19T21:16:27","guid":{"rendered":"https:\/\/www.louismarchand.me\/?page_id=520"},"modified":"2022-02-16T20:46:48","modified_gmt":"2022-02-16T20:46:48","slug":"projet-dans-un-contexte-de-logiciel-libre","status":"publish","type":"page","link":"https:\/\/www.louismarchand.me\/index.php\/projet-dans-un-contexte-de-logiciel-libre\/","title":{"rendered":"Projet dans un contexte de logiciel libre"},"content":{"rendered":"<h2>Introduction<\/h2>\n<p>Ce cours permet de bien comprendre les m\u00e9thodologie utilis\u00e9es dans le contextes de logiciel libre.<\/p>\n<h2>Le cours<\/h2>\n<h4><a href=\"https:\/\/www.louismarchand.me\/index.php\/quest-ce-que-le-logiciel-libre\/\">Qu&rsquo;est-ce que le logiciel libre<\/a><\/h4>\n<h4><a href=\"https:\/\/www.louismarchand.me\/index.php\/participer-au-developpement-dun-logiciel-libre\/\">Participer au d\u00e9veloppement d&rsquo;un projet libre<\/a><\/h4>\n<h4><a href=\"https:\/\/www.louismarchand.me\/index.php\/creer-un-projet-libre\/\">Cr\u00e9er un projet libre<\/a><\/h4>\n<h4><a href=\"https:\/\/www.louismarchand.me\/index.php\/utiliser-les-services-dintegration-continue\/\">Les services d&rsquo;int\u00e9gration continu<\/a><\/h4>\n<hr \/>\n<p>Auteur: Louis Marchand<br \/>\n<a href=\"https:\/\/creativecommons.org\/licenses\/by\/4.0\/deed.fr\" target=\"_blank\" rel=\"license noopener noreferrer\"><img decoding=\"async\" src=\"https:\/\/i.creativecommons.org\/l\/by\/4.0\/80x15.png\" alt=\"Creative Commons License\" \/><\/a><br \/>\nSauf pour les sections sp\u00e9cifi\u00e9es autrement, ce travail est sous licence <a href=\"https:\/\/creativecommons.org\/licenses\/by\/4.0\/deed.fr\" target=\"_blank\" rel=\"license noopener noreferrer\">Creative Commons Attribution 4.0 International<\/a>.<\/p>\n","protected":false},"excerpt":{"rendered":"<p>Introduction Ce cours permet de bien comprendre les m\u00e9thodologie utilis\u00e9es dans le contextes de logiciel libre. Le cours Qu&rsquo;est-ce que le logiciel libre Participer au d\u00e9veloppement d&rsquo;un projet libre Cr\u00e9er un projet libre Les services d&rsquo;int\u00e9gration continu Auteur: Louis Marchand Sauf pour les sections sp\u00e9cifi\u00e9es autrement, ce travail est sous licence Creative Commons Attribution 4.0&hellip; <a class=\"more-link\" href=\"https:\/\/www.louismarchand.me\/index.php\/projet-dans-un-contexte-de-logiciel-libre\/\">Continue reading <span class=\"screen-reader-text\">Projet dans un contexte de logiciel libre<\/span><\/a><\/p>\n","protected":false},"author":1,"featured_media":0,"parent":0,"menu_order":0,"comment_status":"closed","ping_status":"closed","template":"","meta":{"footnotes":""},"class_list":["post-520","page","type-page","status-publish","hentry","entry"],"_links":{"self":[{"href":"https:\/\/www.louismarchand.me\/index.php\/wp-json\/wp\/v2\/pages\/520","targetHints":{"allow":["GET"]}}],"collection":[{"href":"https:\/\/www.louismarchand.me\/index.php\/wp-json\/wp\/v2\/pages"}],"about":[{"href":"https:\/\/www.louismarchand.me\/index.php\/wp-json\/wp\/v2\/types\/page"}],"author":[{"embeddable":true,"href":"https:\/\/www.louismarchand.me\/index.php\/wp-json\/wp\/v2\/users\/1"}],"replies":[{"embeddable":true,"href":"https:\/\/www.louismarchand.me\/index.php\/wp-json\/wp\/v2\/comments?post=520"}],"version-history":[{"count":13,"href":"https:\/\/www.louismarchand.me\/index.php\/wp-json\/wp\/v2\/pages\/520\/revisions"}],"predecessor-version":[{"id":586,"href":"https:\/\/www.louismarchand.me\/index.php\/wp-json\/wp\/v2\/pages\/520\/revisions\/586"}],"wp:attachment":[{"href":"https:\/\/www.louismarchand.me\/index.php\/wp-json\/wp\/v2\/media?parent=520"}],"curies":[{"name":"wp","href":"https:\/\/api.w.org\/{rel}","templated":true}]}}